{"id":102,"date":"2020-01-01T15:09:56","date_gmt":"2020-01-01T15:09:56","guid":{"rendered":"http:\/\/localhost\/demo\/?page_id=30"},"modified":"2023-08-20T19:29:31","modified_gmt":"2023-08-20T17:29:31","slug":"home","status":"publish","type":"page","link":"https:\/\/topimpresores.com\/en\/","title":{"rendered":"Home"},"content":{"rendered":"\t\t<div data-elementor-type=\"wp-page\" data-elementor-id=\"102\" class=\"elementor elementor-102\" data-elementor-post-type=\"page\">\n\t\t\t\t\t\t<section class=\"elementor-section elementor-top-section elementor-element elementor-element-facb1a2 elementor-section-boxed elementor-section-height-default elementor-section-height-default\" data-id=\"facb1a2\" data-element_type=\"section\" data-e-type=\"section\">\n\t\t\t\t\t\t<div class=\"elementor-container elementor-column-gap-default\">\n\t\t\t\t\t<div class=\"elementor-column elementor-col-100 elementor-top-column elementor-element elementor-element-9064232\" data-id=\"9064232\" data-element_type=\"column\" data-e-type=\"column\" data-settings=\"{&quot;background_background&quot;:&quot;classic&quot;}\">\n\t\t\t<div class=\"elementor-widget-wrap elementor-element-populated\">\n\t\t\t\t\t\t<div class=\"elementor-element elementor-element-e01d6f9 elementor-icon-list--layout-inline elementor-align-center elementor-hidden-mobile elementor-list-item-link-full_width elementor-widget elementor-widget-icon-list\" data-id=\"e01d6f9\" data-element_type=\"widget\" data-e-type=\"widget\" data-widget_type=\"icon-list.default\">\n\t\t\t\t<div class=\"elementor-widget-container\">\n\t\t\t\t\t\t\t<ul class=\"elementor-icon-list-items elementor-inline-items\">\n\t\t\t\t\t\t\t<li class=\"elementor-icon-list-item elementor-inline-item\">\n\t\t\t\t\t\t\t\t\t\t\t<a href=\"https:\/\/topimpresores.com\/localidad\/madrid\/\">\n\n\t\t\t\t\t\t\t\t\t\t\t<span class=\"elementor-icon-list-text\">Madrid<\/span>\n\t\t\t\t\t\t\t\t\t\t\t<\/a>\n\t\t\t\t\t\t\t\t\t<\/li>\n\t\t\t\t\t\t\t\t<li class=\"elementor-icon-list-item elementor-inline-item\">\n\t\t\t\t\t\t\t\t\t\t\t<a href=\"https:\/\/topimpresores.com\/localidad\/malaga\/\">\n\n\t\t\t\t\t\t\t\t\t\t\t<span class=\"elementor-icon-list-text\">M\u00e1laga<\/span>\n\t\t\t\t\t\t\t\t\t\t\t<\/a>\n\t\t\t\t\t\t\t\t\t<\/li>\n\t\t\t\t\t\t\t\t<li class=\"elementor-icon-list-item elementor-inline-item\">\n\t\t\t\t\t\t\t\t\t\t\t<a href=\"https:\/\/topimpresores.com\/localidad\/bilbao\/\">\n\n\t\t\t\t\t\t\t\t\t\t\t<span class=\"elementor-icon-list-text\">Bilbao<\/span>\n\t\t\t\t\t\t\t\t\t\t\t<\/a>\n\t\t\t\t\t\t\t\t\t<\/li>\n\t\t\t\t\t\t\t\t<li class=\"elementor-icon-list-item elementor-inline-item\">\n\t\t\t\t\t\t\t\t\t\t\t<a href=\"https:\/\/topimpresores.com\/localidad\/barcelona\/\">\n\n\t\t\t\t\t\t\t\t\t\t\t<span class=\"elementor-icon-list-text\">Barcelona<\/span>\n\t\t\t\t\t\t\t\t\t\t\t<\/a>\n\t\t\t\t\t\t\t\t\t<\/li>\n\t\t\t\t\t\t\t\t<li class=\"elementor-icon-list-item elementor-inline-item\">\n\t\t\t\t\t\t\t\t\t\t\t<a href=\"https:\/\/topimpresores.com\/localidad\/cordoba\/\">\n\n\t\t\t\t\t\t\t\t\t\t\t<span class=\"elementor-icon-list-text\">C\u00f3rdoba<\/span>\n\t\t\t\t\t\t\t\t\t\t\t<\/a>\n\t\t\t\t\t\t\t\t\t<\/li>\n\t\t\t\t\t\t\t\t<li class=\"elementor-icon-list-item elementor-inline-item\">\n\t\t\t\t\t\t\t\t\t\t\t<a href=\"https:\/\/topimpresores.com\/localidad\/valencia\/\">\n\n\t\t\t\t\t\t\t\t\t\t\t<span class=\"elementor-icon-list-text\">Valencia<\/span>\n\t\t\t\t\t\t\t\t\t\t\t<\/a>\n\t\t\t\t\t\t\t\t\t<\/li>\n\t\t\t\t\t\t\t\t<li class=\"elementor-icon-list-item elementor-inline-item\">\n\t\t\t\t\t\t\t\t\t\t\t<a href=\"https:\/\/topimpresores.com\/localidad\/sevilla\/\">\n\n\t\t\t\t\t\t\t\t\t\t\t<span class=\"elementor-icon-list-text\">Sevilla<\/span>\n\t\t\t\t\t\t\t\t\t\t\t<\/a>\n\t\t\t\t\t\t\t\t\t<\/li>\n\t\t\t\t\t\t<\/ul>\n\t\t\t\t\t\t<\/div>\n\t\t\t\t<\/div>\n\t\t\t\t<div class=\"elementor-element elementor-element-de64871 elementor-align-center elementor-hidden-desktop elementor-hidden-tablet elementor-hidden-widescreen elementor-icon-list--layout-traditional elementor-list-item-link-full_width elementor-widget elementor-widget-icon-list\" data-id=\"de64871\" data-element_type=\"widget\" data-e-type=\"widget\" data-widget_type=\"icon-list.default\">\n\t\t\t\t<div class=\"elementor-widget-container\">\n\t\t\t\t\t\t\t<ul class=\"elementor-icon-list-items\">\n\t\t\t\t\t\t\t<li class=\"elementor-icon-list-item\">\n\t\t\t\t\t\t\t\t\t\t\t<a href=\"https:\/\/topimpresores.com\/localidad\/madrid\/\">\n\n\t\t\t\t\t\t\t\t\t\t\t<span class=\"elementor-icon-list-text\">Madrid<\/span>\n\t\t\t\t\t\t\t\t\t\t\t<\/a>\n\t\t\t\t\t\t\t\t\t<\/li>\n\t\t\t\t\t\t\t\t<li class=\"elementor-icon-list-item\">\n\t\t\t\t\t\t\t\t\t\t\t<a href=\"https:\/\/topimpresores.com\/localidad\/malaga\/\">\n\n\t\t\t\t\t\t\t\t\t\t\t<span class=\"elementor-icon-list-text\">M\u00e1laga<\/span>\n\t\t\t\t\t\t\t\t\t\t\t<\/a>\n\t\t\t\t\t\t\t\t\t<\/li>\n\t\t\t\t\t\t\t\t<li class=\"elementor-icon-list-item\">\n\t\t\t\t\t\t\t\t\t\t\t<a href=\"https:\/\/topimpresores.com\/localidad\/bilbao\/\">\n\n\t\t\t\t\t\t\t\t\t\t\t<span class=\"elementor-icon-list-text\">Bilbao<\/span>\n\t\t\t\t\t\t\t\t\t\t\t<\/a>\n\t\t\t\t\t\t\t\t\t<\/li>\n\t\t\t\t\t\t\t\t<li class=\"elementor-icon-list-item\">\n\t\t\t\t\t\t\t\t\t\t\t<a href=\"https:\/\/topimpresores.com\/localidad\/barcelona\/\">\n\n\t\t\t\t\t\t\t\t\t\t\t<span class=\"elementor-icon-list-text\">Barcelona<\/span>\n\t\t\t\t\t\t\t\t\t\t\t<\/a>\n\t\t\t\t\t\t\t\t\t<\/li>\n\t\t\t\t\t\t\t\t<li class=\"elementor-icon-list-item\">\n\t\t\t\t\t\t\t\t\t\t\t<a href=\"https:\/\/topimpresores.com\/localidad\/cordoba\/\">\n\n\t\t\t\t\t\t\t\t\t\t\t<span class=\"elementor-icon-list-text\">C\u00f3rdoba<\/span>\n\t\t\t\t\t\t\t\t\t\t\t<\/a>\n\t\t\t\t\t\t\t\t\t<\/li>\n\t\t\t\t\t\t\t\t<li class=\"elementor-icon-list-item\">\n\t\t\t\t\t\t\t\t\t\t\t<a href=\"https:\/\/topimpresores.com\/localidad\/valencia\/\">\n\n\t\t\t\t\t\t\t\t\t\t\t<span class=\"elementor-icon-list-text\">Valencia<\/span>\n\t\t\t\t\t\t\t\t\t\t\t<\/a>\n\t\t\t\t\t\t\t\t\t<\/li>\n\t\t\t\t\t\t\t\t<li class=\"elementor-icon-list-item\">\n\t\t\t\t\t\t\t\t\t\t\t<a href=\"https:\/\/topimpresores.com\/localidad\/sevilla\/\">\n\n\t\t\t\t\t\t\t\t\t\t\t<span class=\"elementor-icon-list-text\">Sevilla<\/span>\n\t\t\t\t\t\t\t\t\t\t\t<\/a>\n\t\t\t\t\t\t\t\t\t<\/li>\n\t\t\t\t\t\t<\/ul>\n\t\t\t\t\t\t<\/div>\n\t\t\t\t<\/div>\n\t\t\t\t\t<\/div>\n\t\t<\/div>\n\t\t\t\t\t<\/div>\n\t\t<\/section>\n\t\t\t\t<section class=\"elementor-section elementor-top-section elementor-element elementor-element-3023d7d elementor-section-boxed elementor-section-height-default elementor-section-height-default\" data-id=\"3023d7d\" data-element_type=\"section\" data-e-type=\"section\">\n\t\t\t\t\t\t<div class=\"elementor-container elementor-column-gap-default\">\n\t\t\t\t\t<div class=\"elementor-column elementor-col-100 elementor-top-column elementor-element elementor-element-1051780\" data-id=\"1051780\" data-element_type=\"column\" data-e-type=\"column\">\n\t\t\t<div class=\"elementor-widget-wrap elementor-element-populated\">\n\t\t\t\t\t\t<div class=\"elementor-element elementor-element-b4ce932 elementor-widget elementor-widget-heading\" data-id=\"b4ce932\" data-element_type=\"widget\" data-e-type=\"widget\" data-widget_type=\"heading.default\">\n\t\t\t\t<div class=\"elementor-widget-container\">\n\t\t\t\t\t<h2 class=\"elementor-heading-title elementor-size-default\">Encuentra a los mejores profesionales<br> en cualquier tipo de impresi\u00f3n<\/h2>\t\t\t\t<\/div>\n\t\t\t\t<\/div>\n\t\t\t\t<div class=\"elementor-element elementor-element-c6c142c elementor-widget elementor-widget-text-editor\" data-id=\"c6c142c\" data-element_type=\"widget\" data-e-type=\"widget\" data-widget_type=\"text-editor.default\">\n\t\t\t\t<div class=\"elementor-widget-container\">\n\t\t\t\t\t\t\t\t\t<p style=\"text-align: center;\">Descubre las empresas l\u00edderes en impresi\u00f3n en las principales ciudades de Espa\u00f1a<\/p>\t\t\t\t\t\t\t\t<\/div>\n\t\t\t\t<\/div>\n\t\t\t\t<div class=\"elementor-element elementor-element-c28813e elementor-widget elementor-widget-listing-categories\" data-id=\"c28813e\" data-element_type=\"widget\" data-e-type=\"widget\" data-widget_type=\"listing-categories.default\">\n\t\t\t\t<div class=\"elementor-widget-container\">\n\t\t\t\t\t        <script>\r\n            jQuery(document).ready(function () {\r\n                jQuery('.listing-category-slider4').each(function (key, item) {\r\n                    var sliderExtraClassName = 'slider-no-' + key;\r\n                    jQuery(this).addClass(sliderExtraClassName);\r\n                    jQuery(sliderExtraClassName).slick({\r\n                        centerMode: false,\r\n                        centerPadding: '0px',\r\n                        infinite: true,\r\n                        accesibility: false,\r\n                        draggable: true,\r\n                        swipe: true,\r\n                        touchMove: false,\r\n                        autoplaySpeed: 1400,\r\n                        speed: 100,\r\n                        slidesToShow: 4,\r\n                        dots: false,\r\n                        arrows: true,\r\n                        responsive: [\r\n                            {\r\n                                breakpoint: 768,\r\n                                settings: {\r\n                                    arrows: false,\r\n                                    centerMode: false,\r\n                                    centerPadding: '0px',\r\n                                    slidesToShow: 4\r\n                                }\r\n                            },\r\n                            {\r\n                                breakpoint: 480,\r\n                                settings: {\r\n                                    arrows: false,\r\n                                    centerMode: false,\r\n                                    centerPadding: '0px',\r\n                                    slidesToShow: 1\r\n                                }\r\n                            }\r\n                        ]\r\n                    });\r\n                });\r\n            });\r\n        <\/script>\r\n        <div class=\"lp-section-content-container row\">\r\n\t\t\t<div class=\"col-md-3 col-sm-3 col-xs-12\">\r\n\t\t\t\t<div class=\"city-girds lp-border-radius-8\">\r\n\t\t\t\t\t<div class=\"city-thumb\">\r\n\t\t\t\t\t\t<img decoding=\"async\" alt=\"image\" src=\"https:\/\/topimpresores.com\/wp-content\/uploads\/2023\/08\/imprenta-digital-270x197.jpeg\" \/>\r\n\t\t\t\t\t\t\r\n\t\t\t\t\t<\/div>\r\n\t\t\t\t\t<div class=\"city-title text-center\">\r\n\t\t\t\t\t\t<h3 class=\"lp-h3\">\r\n\t\t\t\t\t\t\t<a href=\"https:\/\/topimpresores.com\/en\/tipo-impresion\/imprentas-digitales\/\">Imprentas digitales<\/a>\r\n\t\t\t\t\t\t<\/h3>\r\n\t\t\t\t\t\t<label class=\"lp-listing-quantity\">1 Listings<\/label>\r\n\t\t\t\t\t<\/div>\r\n\t\t\t\t\t<a href=\"https:\/\/topimpresores.com\/en\/tipo-impresion\/imprentas-digitales\/\" class=\"overlay-link\"><\/a>\r\n\t\t\t\t<\/div>\r\n\t\t\t<\/div>\r\n\t\t\t<div class=\"col-md-3 col-sm-3 col-xs-12\">\r\n\t\t\t\t<div class=\"city-girds lp-border-radius-8\">\r\n\t\t\t\t\t<div class=\"city-thumb\">\r\n\t\t\t\t\t\t<img decoding=\"async\" alt=\"image\" src=\"https:\/\/topimpresores.com\/wp-content\/uploads\/2023\/08\/pantone-270x197.jpeg\" \/>\r\n\t\t\t\t\t\t\r\n\t\t\t\t\t<\/div>\r\n\t\t\t\t\t<div class=\"city-title text-center\">\r\n\t\t\t\t\t\t<h3 class=\"lp-h3\">\r\n\t\t\t\t\t\t\t<a href=\"https:\/\/topimpresores.com\/en\/tipo-impresion\/imprentas-offset\/\">Imprentas offset<\/a>\r\n\t\t\t\t\t\t<\/h3>\r\n\t\t\t\t\t\t<label class=\"lp-listing-quantity\">1 Listings<\/label>\r\n\t\t\t\t\t<\/div>\r\n\t\t\t\t\t<a href=\"https:\/\/topimpresores.com\/en\/tipo-impresion\/imprentas-offset\/\" class=\"overlay-link\"><\/a>\r\n\t\t\t\t<\/div>\r\n\t\t\t<\/div>\r\n\t\t\t<div class=\"col-md-3 col-sm-3 col-xs-12\">\r\n\t\t\t\t<div class=\"city-girds lp-border-radius-8\">\r\n\t\t\t\t\t<div class=\"city-thumb\">\r\n\t\t\t\t\t\t<img decoding=\"async\" alt=\"image\" src=\"https:\/\/topimpresores.com\/wp-content\/uploads\/2023\/08\/gran-formato-270x197.jpeg\" \/>\r\n\t\t\t\t\t\t\r\n\t\t\t\t\t<\/div>\r\n\t\t\t\t\t<div class=\"city-title text-center\">\r\n\t\t\t\t\t\t<h3 class=\"lp-h3\">\r\n\t\t\t\t\t\t\t<a href=\"https:\/\/topimpresores.com\/en\/tipo-impresion\/impresion-de-gran-formato\/\">Impresi\u00f3n de gran formato<\/a>\r\n\t\t\t\t\t\t<\/h3>\r\n\t\t\t\t\t\t<label class=\"lp-listing-quantity\">0 Listings<\/label>\r\n\t\t\t\t\t<\/div>\r\n\t\t\t\t\t<a href=\"https:\/\/topimpresores.com\/en\/tipo-impresion\/impresion-de-gran-formato\/\" class=\"overlay-link\"><\/a>\r\n\t\t\t\t<\/div>\r\n\t\t\t<\/div>\r\n\t\t\t<div class=\"col-md-3 col-sm-3 col-xs-12\">\r\n\t\t\t\t<div class=\"city-girds lp-border-radius-8\">\r\n\t\t\t\t\t<div class=\"city-thumb\">\r\n\t\t\t\t\t\t<img decoding=\"async\" alt=\"image\" src=\"https:\/\/topimpresores.com\/wp-content\/uploads\/2023\/08\/serigrafiador-270x197.jpeg\" \/>\r\n\t\t\t\t\t\t\r\n\t\t\t\t\t<\/div>\r\n\t\t\t\t\t<div class=\"city-title text-center\">\r\n\t\t\t\t\t\t<h3 class=\"lp-h3\">\r\n\t\t\t\t\t\t\t<a href=\"https:\/\/topimpresores.com\/en\/tipo-impresion\/impresion-serigrafia\/\">Impresi\u00f3n en serigraf\u00eda<\/a>\r\n\t\t\t\t\t\t<\/h3>\r\n\t\t\t\t\t\t<label class=\"lp-listing-quantity\">0 Listings<\/label>\r\n\t\t\t\t\t<\/div>\r\n\t\t\t\t\t<a href=\"https:\/\/topimpresores.com\/en\/tipo-impresion\/impresion-serigrafia\/\" class=\"overlay-link\"><\/a>\r\n\t\t\t\t<\/div>\r\n\t\t\t<\/div>\r\n\t\t\t<div class=\"col-md-3 col-sm-3 col-xs-12\">\r\n\t\t\t\t<div class=\"city-girds lp-border-radius-8\">\r\n\t\t\t\t\t<div class=\"city-thumb\">\r\n\t\t\t\t\t\t<img decoding=\"async\" alt=\"image\" src=\"https:\/\/topimpresores.com\/wp-content\/uploads\/2023\/08\/serigrafia-270x197.jpg\" \/>\r\n\t\t\t\t\t\t\r\n\t\t\t\t\t<\/div>\r\n\t\t\t\t\t<div class=\"city-title text-center\">\r\n\t\t\t\t\t\t<h3 class=\"lp-h3\">\r\n\t\t\t\t\t\t\t<a href=\"https:\/\/topimpresores.com\/en\/tipo-impresion\/impresion-transfer\/\">Impresi\u00f3n transfer<\/a>\r\n\t\t\t\t\t\t<\/h3>\r\n\t\t\t\t\t\t<label class=\"lp-listing-quantity\">0 Listings<\/label>\r\n\t\t\t\t\t<\/div>\r\n\t\t\t\t\t<a href=\"https:\/\/topimpresores.com\/en\/tipo-impresion\/impresion-transfer\/\" class=\"overlay-link\"><\/a>\r\n\t\t\t\t<\/div>\r\n\t\t\t<\/div>\r\n\t\t\t<div class=\"col-md-3 col-sm-3 col-xs-12\">\r\n\t\t\t\t<div class=\"city-girds lp-border-radius-8\">\r\n\t\t\t\t\t<div class=\"city-thumb\">\r\n\t\t\t\t\t\t<img decoding=\"async\" alt=\"image\" src=\"https:\/\/topimpresores.com\/wp-content\/uploads\/2023\/08\/flexografia-270x197.jpeg\" \/>\r\n\t\t\t\t\t\t\r\n\t\t\t\t\t<\/div>\r\n\t\t\t\t\t<div class=\"city-title text-center\">\r\n\t\t\t\t\t\t<h3 class=\"lp-h3\">\r\n\t\t\t\t\t\t\t<a href=\"https:\/\/topimpresores.com\/en\/tipo-impresion\/impresion-en-flexografia\/\">Impresi\u00f3n en flexograf\u00eda<\/a>\r\n\t\t\t\t\t\t<\/h3>\r\n\t\t\t\t\t\t<label class=\"lp-listing-quantity\">0 Listings<\/label>\r\n\t\t\t\t\t<\/div>\r\n\t\t\t\t\t<a href=\"https:\/\/topimpresores.com\/en\/tipo-impresion\/impresion-en-flexografia\/\" class=\"overlay-link\"><\/a>\r\n\t\t\t\t<\/div>\r\n\t\t\t<\/div>\r\n\t\t\t<div class=\"col-md-3 col-sm-3 col-xs-12\">\r\n\t\t\t\t<div class=\"city-girds lp-border-radius-8\">\r\n\t\t\t\t\t<div class=\"city-thumb\">\r\n\t\t\t\t\t\t<img decoding=\"async\" alt=\"image\" src=\"https:\/\/topimpresores.com\/wp-content\/uploads\/2023\/08\/impresion-3d-270x197.jpeg\" \/>\r\n\t\t\t\t\t\t\r\n\t\t\t\t\t<\/div>\r\n\t\t\t\t\t<div class=\"city-title text-center\">\r\n\t\t\t\t\t\t<h3 class=\"lp-h3\">\r\n\t\t\t\t\t\t\t<a href=\"https:\/\/topimpresores.com\/en\/tipo-impresion\/impresion-3d\/\">Impresi\u00f3n 3D<\/a>\r\n\t\t\t\t\t\t<\/h3>\r\n\t\t\t\t\t\t<label class=\"lp-listing-quantity\">0 Listings<\/label>\r\n\t\t\t\t\t<\/div>\r\n\t\t\t\t\t<a href=\"https:\/\/topimpresores.com\/en\/tipo-impresion\/impresion-3d\/\" class=\"overlay-link\"><\/a>\r\n\t\t\t\t<\/div>\r\n\t\t\t<\/div>\r\n\t\t\t<div class=\"col-md-3 col-sm-3 col-xs-12\">\r\n\t\t\t\t<div class=\"city-girds lp-border-radius-8\">\r\n\t\t\t\t\t<div class=\"city-thumb\">\r\n\t\t\t\t\t\t<img decoding=\"async\" alt=\"image\" src=\"https:\/\/topimpresores.com\/wp-content\/uploads\/2023\/08\/huecograbado-270x197.jpeg\" \/>\r\n\t\t\t\t\t\t\r\n\t\t\t\t\t<\/div>\r\n\t\t\t\t\t<div class=\"city-title text-center\">\r\n\t\t\t\t\t\t<h3 class=\"lp-h3\">\r\n\t\t\t\t\t\t\t<a href=\"https:\/\/topimpresores.com\/en\/tipo-impresion\/huecograbado\/\">Huecograbado<\/a>\r\n\t\t\t\t\t\t<\/h3>\r\n\t\t\t\t\t\t<label class=\"lp-listing-quantity\">0 Listings<\/label>\r\n\t\t\t\t\t<\/div>\r\n\t\t\t\t\t<a href=\"https:\/\/topimpresores.com\/en\/tipo-impresion\/huecograbado\/\" class=\"overlay-link\"><\/a>\r\n\t\t\t\t<\/div>\r\n\t\t\t<\/div><\/div>\t\t\t\t<\/div>\n\t\t\t\t<\/div>\n\t\t\t\t\t<\/div>\n\t\t<\/div>\n\t\t\t\t\t<\/div>\n\t\t<\/section>\n\t\t\t\t<section class=\"elementor-section elementor-top-section elementor-element elementor-element-a107d55 elementor-section-boxed elementor-section-height-default elementor-section-height-default\" data-id=\"a107d55\" data-element_type=\"section\" data-e-type=\"section\" data-settings=\"{&quot;background_background&quot;:&quot;classic&quot;}\">\n\t\t\t\t\t\t<div class=\"elementor-container elementor-column-gap-default\">\n\t\t\t\t\t<div class=\"elementor-column elementor-col-100 elementor-top-column elementor-element elementor-element-d57ab8b\" data-id=\"d57ab8b\" data-element_type=\"column\" data-e-type=\"column\">\n\t\t\t<div class=\"elementor-widget-wrap elementor-element-populated\">\n\t\t\t\t\t\t<div class=\"elementor-element elementor-element-f237e30 elementor-widget elementor-widget-heading\" data-id=\"f237e30\" data-element_type=\"widget\" data-e-type=\"widget\" data-widget_type=\"heading.default\">\n\t\t\t\t<div class=\"elementor-widget-container\">\n\t\t\t\t\t<h2 class=\"elementor-heading-title elementor-size-default\">Ventajas de registrarte en<br>nuestro directorio para impresores<\/h2>\t\t\t\t<\/div>\n\t\t\t\t<\/div>\n\t\t\t\t<section class=\"elementor-section elementor-inner-section elementor-element elementor-element-8a7a0f9 elementor-reverse-mobile elementor-section-boxed elementor-section-height-default elementor-section-height-default\" data-id=\"8a7a0f9\" data-element_type=\"section\" data-e-type=\"section\">\n\t\t\t\t\t\t<div class=\"elementor-container elementor-column-gap-default\">\n\t\t\t\t\t<div class=\"elementor-column elementor-col-50 elementor-inner-column elementor-element elementor-element-cc461c2\" data-id=\"cc461c2\" data-element_type=\"column\" data-e-type=\"column\">\n\t\t\t<div class=\"elementor-widget-wrap elementor-element-populated\">\n\t\t\t\t\t\t<div class=\"elementor-element elementor-element-912db35 elementor-widget elementor-widget-image\" data-id=\"912db35\" data-element_type=\"widget\" data-e-type=\"widget\" data-widget_type=\"image.default\">\n\t\t\t\t<div class=\"elementor-widget-container\">\n\t\t\t\t\t\t\t\t\t\t\t\t\t\t\t<img fetchpriority=\"high\" decoding=\"async\" width=\"900\" height=\"522\" src=\"https:\/\/topimpresores.com\/wp-content\/uploads\/2023\/08\/direcotrio-1024x594.jpg\" class=\"attachment-large size-large wp-image-500\" alt=\"Directorio profesional de impresores\" srcset=\"https:\/\/topimpresores.com\/wp-content\/uploads\/2023\/08\/direcotrio-1024x594.jpg 1024w, https:\/\/topimpresores.com\/wp-content\/uploads\/2023\/08\/direcotrio-300x174.jpg 300w, https:\/\/topimpresores.com\/wp-content\/uploads\/2023\/08\/direcotrio-768x445.jpg 768w, https:\/\/topimpresores.com\/wp-content\/uploads\/2023\/08\/direcotrio-18x10.jpg 18w, https:\/\/topimpresores.com\/wp-content\/uploads\/2023\/08\/direcotrio.jpg 1080w\" sizes=\"(max-width: 900px) 100vw, 900px\" \/>\t\t\t\t\t\t\t\t\t\t\t\t\t\t\t<\/div>\n\t\t\t\t<\/div>\n\t\t\t\t\t<\/div>\n\t\t<\/div>\n\t\t\t\t<div class=\"elementor-column elementor-col-50 elementor-inner-column elementor-element elementor-element-cbd2160\" data-id=\"cbd2160\" data-element_type=\"column\" data-e-type=\"column\">\n\t\t\t<div class=\"elementor-widget-wrap elementor-element-populated\">\n\t\t\t\t\t\t<div class=\"elementor-element elementor-element-9842dd7 elementor-widget elementor-widget-text-editor\" data-id=\"9842dd7\" data-element_type=\"widget\" data-e-type=\"widget\" data-widget_type=\"text-editor.default\">\n\t\t\t\t<div class=\"elementor-widget-container\">\n\t\t\t\t\t\t\t\t\t<h3>Visibilidad online de tu negocio<\/h3><p>Nuestro directorio mejora la visibilidad de tu negocio en tu ciudad, llegando a un p\u00fablico m\u00e1s relevante y segmentado.<\/p><h3>SEO local<\/h3><p>Las \u00faltimas actualizaciones del algoritmo de Google han favorecido claramente los directorios profesionales.<\/p><h3>Credibilidad<\/h3><p>Formar parte de nuestro directorio profesional puede mejorar la percepci\u00f3n de tu empresa en t\u00e9rminos de credibilidad, confianza e imagen.<\/p><h3>Clientes potenciales<\/h3><p>Hemos dise\u00f1ado nuestra plataforma para que sea un lugar ideal para conseguir clientes potenciales para tu negocio.<\/p>\t\t\t\t\t\t\t\t<\/div>\n\t\t\t\t<\/div>\n\t\t\t\t\t<\/div>\n\t\t<\/div>\n\t\t\t\t\t<\/div>\n\t\t<\/section>\n\t\t\t\t\t<\/div>\n\t\t<\/div>\n\t\t\t\t\t<\/div>\n\t\t<\/section>\n\t\t\t\t<\/div>\n\t\t","protected":false},"excerpt":{"rendered":"<p>Madrid M\u00e1laga Bilbao Barcelona C\u00f3rdoba Valencia Sevilla Madrid M\u00e1laga Bilbao Barcelona C\u00f3rdoba Valencia Sevilla Encuentra a los mejores profesionales en cualquier tipo de impresi\u00f3n Descubre las empresas l\u00edderes en impresi\u00f3n en las principales ciudades de Espa\u00f1a Ventajas de registrarte ennuestro directorio para impresores Visibilidad online de tu negocio Nuestro directorio mejora la visibilidad de tu [&hellip;]<\/p>\n","protected":false},"author":1,"featured_media":0,"parent":0,"menu_order":0,"comment_status":"closed","ping_status":"closed","template":"","meta":{"footnotes":""},"class_list":["post-102","page","type-page","status-publish","hentry"],"_links":{"self":[{"href":"https:\/\/topimpresores.com\/en\/wp-json\/wp\/v2\/pages\/102","targetHints":{"allow":["GET"]}}],"collection":[{"href":"https:\/\/topimpresores.com\/en\/wp-json\/wp\/v2\/pages"}],"about":[{"href":"https:\/\/topimpresores.com\/en\/wp-json\/wp\/v2\/types\/page"}],"author":[{"embeddable":true,"href":"https:\/\/topimpresores.com\/en\/wp-json\/wp\/v2\/users\/1"}],"replies":[{"embeddable":true,"href":"https:\/\/topimpresores.com\/en\/wp-json\/wp\/v2\/comments?post=102"}],"version-history":[{"count":123,"href":"https:\/\/topimpresores.com\/en\/wp-json\/wp\/v2\/pages\/102\/revisions"}],"predecessor-version":[{"id":527,"href":"https:\/\/topimpresores.com\/en\/wp-json\/wp\/v2\/pages\/102\/revisions\/527"}],"wp:attachment":[{"href":"https:\/\/topimpresores.com\/en\/wp-json\/wp\/v2\/media?parent=102"}],"curies":[{"name":"wp","href":"https:\/\/api.w.org\/{rel}","templated":true}]}}